{"id":495,"date":"2022-02-21T19:36:40","date_gmt":"2022-02-21T18:36:40","guid":{"rendered":"https:\/\/nissel.it\/?page_id=495"},"modified":"2022-02-28T22:39:25","modified_gmt":"2022-02-28T21:39:25","slug":"otros-log-viewer","status":"publish","type":"page","link":"https:\/\/nissel.it\/index.php\/otros-log-viewer\/","title":{"rendered":"Otros log viewer"},"content":{"rendered":"\n<p>Ich habe das Loganalyse Tool Otros etwas erweitert und eine angepasste Version daf\u00fcr bereitgestellt. Original Projekt: <a href=\"https:\/\/github.com\/otros-systems\/otroslogviewer\">otros log viewer<\/a>. Mein Ziel ist es m\u00f6glichst alle \u00c4nderungen in das original Projekt zu \u00fcberf\u00fchren.<\/p>\n\n\n\n<div class=\"wp-block-file\"><a id=\"wp-block-file--media-b4a4747f-fae8-40b8-a3d0-cf385f3dc279\" href=\"https:\/\/nissel.it\/wp-content\/uploads\/2022\/02\/olv-1.4.15-nissel.it-4.zip\">olv-1.4.15-nissel.it-4<\/a><a href=\"https:\/\/nissel.it\/wp-content\/uploads\/2022\/02\/olv-1.4.15-nissel.it-4.zip\" class=\"wp-block-file__button\" download aria-describedby=\"wp-block-file--media-b4a4747f-fae8-40b8-a3d0-cf385f3dc279\">Herunterladen<\/a><\/div>\n\n\n\n<p>Quellcode unter: <a href=\"https:\/\/github.com\/svennissel\/otroslogviewer\">https:\/\/github.com\/svennissel\/otroslogviewer<\/a><\/p>\n\n\n\n<h2 class=\"wp-block-heading\">nissel.it-4<\/h2>\n\n\n\n<ul class=\"wp-block-list\"><li>Automatische Anzeige der Logger Spalte wenn in Logdatei vorhanden. <a href=\"https:\/\/github.com\/otros-systems\/otroslogviewer\/pull\/598\">Pullrequest 598<\/a><\/li><li>Spaltengr\u00f6\u00dfen passen sich nun beim vergr\u00f6\u00dfern der Schriftart richtig an. <a href=\"https:\/\/github.com\/otros-systems\/otroslogviewer\/pull\/599\">Pullrequest 599<\/a><\/li><\/ul>\n\n\n\n<h2 class=\"wp-block-heading\">nissel.it-3<\/h2>\n\n\n\n<ul class=\"wp-block-list\"><li>Feature: Unterst\u00fctzung von neueren SSL Verschl\u00fcsselungs- Algorithmen <a href=\"https:\/\/github.com\/otros-systems\/otroslogviewer\/pull\/595\">Pullrequest 595<\/a><\/li><li>Bugfix: Manchmal wurde der Ladebalken in der Datei \u00f6ffnen Ansicht dauerhaft angezeigt. <a href=\"https:\/\/github.com\/otros-systems\/otroslogviewer\/pull\/597\">Pullrequest 597<\/a><\/li><\/ul>\n\n\n\n<h2 class=\"wp-block-heading\">nissel.it-2<\/h2>\n\n\n\n<ul class=\"wp-block-list\"><li>Bugfix:  \u00d6ffnen von gzip Datien gr\u00f6\u00dfer 10.000 bytes nun m\u00f6glich <a href=\"https:\/\/github.com\/otros-systems\/otroslogviewer\/pull\/594\"> Pullrequest 594<\/a><\/li><\/ul>\n\n\n\n<h2 class=\"wp-block-heading\">nissel.it-1<\/h2>\n\n\n\n<ul class=\"wp-block-list\"><li> Fork: Stand 20.02.2022 des original Projekt: <a href=\"https:\/\/github.com\/otros-systems\/otroslogviewer\">otros log viewer<\/a>.<\/li><li>Feature: Auswahl eines passenden Logparser <a href=\"https:\/\/github.com\/otros-systems\/otroslogviewer\/pull\/593\">Pullrequest 593<\/a><\/li><\/ul>\n\n\n\n<figure class=\"wp-block-image size-large\"><img loading=\"lazy\" decoding=\"async\" width=\"1024\" height=\"533\" src=\"https:\/\/nissel.it\/wp-content\/uploads\/2022\/02\/grafik-4-1024x533.png\" alt=\"\" class=\"wp-image-485\" srcset=\"https:\/\/nissel.it\/wp-content\/uploads\/2022\/02\/grafik-4-1024x533.png 1024w, https:\/\/nissel.it\/wp-content\/uploads\/2022\/02\/grafik-4-300x156.png 300w, https:\/\/nissel.it\/wp-content\/uploads\/2022\/02\/grafik-4-768x400.png 768w, https:\/\/nissel.it\/wp-content\/uploads\/2022\/02\/grafik-4.png 1120w\" sizes=\"auto, (max-width: 767px) 89vw, (max-width: 1000px) 54vw, (max-width: 1071px) 543px, 580px\" \/><figcaption>Verschiedene Parser im \u00f6ffnen Dialog verwenden.<\/figcaption><\/figure>\n\n\n\n<p><\/p>\n\n\n\n<figure class=\"wp-block-embed is-type-wp-embed is-provider-sven-nissel wp-block-embed-sven-nissel\"><div class=\"wp-block-embed__wrapper\">\n<blockquote class=\"wp-embedded-content\" data-secret=\"1HcRSR8ZTD\"><a href=\"https:\/\/nissel.it\/index.php\/2022\/02\/20\/patch-parser-chooser-for-otroslogviewer\/\">patch parser chooser for OtrosLogViewer<\/a><\/blockquote><iframe loading=\"lazy\" class=\"wp-embedded-content\" sandbox=\"allow-scripts\" security=\"restricted\" style=\"position: absolute; clip: rect(1px, 1px, 1px, 1px);\" title=\"&#8222;patch parser chooser for OtrosLogViewer&#8220; &#8212; Sven Nissel\" src=\"https:\/\/nissel.it\/index.php\/2022\/02\/20\/patch-parser-chooser-for-otroslogviewer\/embed\/#?secret=fCNK6Wkqpp#?secret=1HcRSR8ZTD\" data-secret=\"1HcRSR8ZTD\" width=\"525\" height=\"296\" frameborder=\"0\" marginwidth=\"0\" marginheight=\"0\" scrolling=\"no\"><\/iframe>\n<\/div><\/figure>\n","protected":false},"excerpt":{"rendered":"<p>Ich habe das Loganalyse Tool Otros etwas erweitert und eine angepasste Version daf\u00fcr bereitgestellt. Original Projekt: otros log viewer. Mein Ziel ist es m\u00f6glichst alle \u00c4nderungen in das original Projekt zu \u00fcberf\u00fchren. Quellcode unter: https:\/\/github.com\/svennissel\/otroslogviewer nissel.it-4 Automatische Anzeige der Logger Spalte wenn in Logdatei vorhanden. Pullrequest 598 Spaltengr\u00f6\u00dfen passen sich nun beim vergr\u00f6\u00dfern der Schriftart &hellip; <\/p>\n<p class=\"link-more\"><a href=\"https:\/\/nissel.it\/index.php\/otros-log-viewer\/\" class=\"more-link\"><span class=\"screen-reader-text\">\u201eOtros log viewer\u201c <\/span>weiterlesen<\/a><\/p>\n","protected":false},"author":1,"featured_media":0,"parent":0,"menu_order":0,"comment_status":"open","ping_status":"closed","template":"","meta":{"footnotes":""},"class_list":["post-495","page","type-page","status-publish","hentry"],"_links":{"self":[{"href":"https:\/\/nissel.it\/index.php\/wp-json\/wp\/v2\/pages\/495","targetHints":{"allow":["GET"]}}],"collection":[{"href":"https:\/\/nissel.it\/index.php\/wp-json\/wp\/v2\/pages"}],"about":[{"href":"https:\/\/nissel.it\/index.php\/wp-json\/wp\/v2\/types\/page"}],"author":[{"embeddable":true,"href":"https:\/\/nissel.it\/index.php\/wp-json\/wp\/v2\/users\/1"}],"replies":[{"embeddable":true,"href":"https:\/\/nissel.it\/index.php\/wp-json\/wp\/v2\/comments?post=495"}],"version-history":[{"count":9,"href":"https:\/\/nissel.it\/index.php\/wp-json\/wp\/v2\/pages\/495\/revisions"}],"predecessor-version":[{"id":513,"href":"https:\/\/nissel.it\/index.php\/wp-json\/wp\/v2\/pages\/495\/revisions\/513"}],"wp:attachment":[{"href":"https:\/\/nissel.it\/index.php\/wp-json\/wp\/v2\/media?parent=495"}],"curies":[{"name":"wp","href":"https:\/\/api.w.org\/{rel}","templated":true}]}}